{"id":292,"date":"2020-03-30T12:18:59","date_gmt":"2020-03-30T12:18:59","guid":{"rendered":"https:\/\/4787.imdalo-server.de\/?page_id=292"},"modified":"2020-03-30T12:19:07","modified_gmt":"2020-03-30T12:19:07","slug":"jobs","status":"publish","type":"page","link":"https:\/\/hausmeister-service-weimar.de\/?page_id=292","title":{"rendered":"Jobs"},"content":{"rendered":"<p>[vc_row css_animation=&#8221;&#8221; row_type=&#8221;row&#8221; use_row_as_full_screen_section=&#8221;no&#8221; type=&#8221;full_width&#8221; angled_section=&#8221;no&#8221; text_align=&#8221;left&#8221; background_image_as_pattern=&#8221;without_pattern&#8221;][vc_column][vc_column_text]<\/p>\n<h2>Sie suchen eine Ausbildungsstelle oder einen Job?<\/h2>\n<p>&nbsp;<\/p>\n<p>Neben neuester Technologie und fachlicher Pr\u00e4zision geh\u00f6rt Kundenorientierung zu den Bausteinen meines Erfolgs. Mein Team lebt diese Philosophie. Und weil meine Mitarbeiter mein Kapital sind, liegt mir nicht nur ihre Aus- und Weiterbildung, sondern auch die Zufriedenheit jedes Einzelnen sehr am Herzen. Im Team vom &#8220;Hausmeisterservice Knut Bischof&#8221; finden Sie eine freundliche und stets angenehme Atmosph\u00e4re und hervorragende Aufstiegsm\u00f6glichkeiten.<\/p>\n<p>Sie interessieren sich f\u00fcr eine\u00a0<b>Ausbildung<\/b>\u00a0beim &#8220;Hausmeisterservice Knut Bischof&#8221;? F\u00fcr die Ausbildungsjahre 2011 und 2012 kann ich noch keine Ausbildungspl\u00e4tze vergeben.<br \/>\nBitte informieren Sie sich trotzdem regelm\u00e4\u00dfig auf dieser Seite \u00fcber aktuelle \u00c4nderungen.<\/p>\n<p>Mein Team ist momentan komplett. Es gibt keine offenen Stellen zu besetzen. \u00dcber jede Neuigkeit informiere ich Sie gerne zeitnah auf dieser Seite.[\/vc_column_text][\/vc_column][\/vc_row][vc_row css_animation=&#8221;&#8221; row_type=&#8221;row&#8221; use_row_as_full_screen_section=&#8221;no&#8221; type=&#8221;full_width&#8221; angled_section=&#8221;no&#8221; text_align=&#8221;left&#8221; background_image_as_pattern=&#8221;without_pattern&#8221;][vc_column][vc_empty_space][\/vc_column][\/vc_row]<\/p>\n","protected":false},"excerpt":{"rendered":"<p>[vc_row css_animation=&#8221;&#8221; row_type=&#8221;row&#8221; use_row_as_full_screen_section=&#8221;no&#8221; type=&#8221;full_width&#8221; angled_section=&#8221;no&#8221; text_align=&#8221;left&#8221; background_image_as_pattern=&#8221;without_pattern&#8221;][vc_column][vc_column_text] Sie suchen eine Ausbildungsstelle oder einen Job? &nbsp; Neben neuester Technologie und fachlicher Pr\u00e4zision geh\u00f6rt Kundenorientierung zu den Bausteinen meines Erfolgs. Mein Team lebt diese Philosophie. Und weil meine Mitarbeiter mein Kapital sind, liegt mir nicht nur&#8230;<\/p>\n","protected":false},"author":1,"featured_media":0,"parent":0,"menu_order":0,"comment_status":"closed","ping_status":"closed","template":"","meta":[],"_links":{"self":[{"href":"https:\/\/hausmeister-service-weimar.de\/index.php?rest_route=\/wp\/v2\/pages\/292"}],"collection":[{"href":"https:\/\/hausmeister-service-weimar.de\/index.php?rest_route=\/wp\/v2\/pages"}],"about":[{"href":"https:\/\/hausmeister-service-weimar.de\/index.php?rest_route=\/wp\/v2\/types\/page"}],"author":[{"embeddable":true,"href":"https:\/\/hausmeister-service-weimar.de\/index.php?rest_route=\/wp\/v2\/users\/1"}],"replies":[{"embeddable":true,"href":"https:\/\/hausmeister-service-weimar.de\/index.php?rest_route=%2Fwp%2Fv2%2Fcomments&post=292"}],"version-history":[{"count":2,"href":"https:\/\/hausmeister-service-weimar.de\/index.php?rest_route=\/wp\/v2\/pages\/292\/revisions"}],"predecessor-version":[{"id":294,"href":"https:\/\/hausmeister-service-weimar.de\/index.php?rest_route=\/wp\/v2\/pages\/292\/revisions\/294"}],"wp:attachment":[{"href":"https:\/\/hausmeister-service-weimar.de\/index.php?rest_route=%2Fwp%2Fv2%2Fmedia&parent=292"}],"curies":[{"name":"wp","href":"https:\/\/api.w.org\/{rel}","templated":true}]}}